{"id":6546,"date":"2020-02-17T12:40:56","date_gmt":"2020-02-17T11:40:56","guid":{"rendered":"https:\/\/ponsiguex.com\/index.php\/services\/"},"modified":"2023-10-13T05:39:19","modified_gmt":"2023-10-13T03:39:19","slug":"services","status":"publish","type":"page","link":"https:\/\/ponsiguex.com\/index.php\/services\/","title":{"rendered":"Services"},"content":{"rendered":"\t\t<div data-elementor-type=\"wp-page\" data-elementor-id=\"6546\" class=\"elementor elementor-6546\">\n\t\t\t\t\t\t<section class=\"elementor-section elementor-top-section elementor-element elementor-element-06fc9af elementor-section-full_width elementor-section-height-min-height elementor-section-height-default elementor-section-items-middle\" data-id=\"06fc9af\" data-element_type=\"section\" data-settings=\"{&quot;background_background&quot;:&quot;classic&quot;}\">\n\t\t\t\t\t\t\t<div class=\"elementor-background-overlay\"><\/div>\n\t\t\t\t\t\t\t<div class=\"elementor-container elementor-column-gap-no\">\n\t\t\t\t\t<div class=\"aux-parallax-section elementor-column elementor-col-100 elementor-top-column elementor-element elementor-element-9b5fa64\" data-id=\"9b5fa64\" data-element_type=\"column\">\n\t\t\t<div class=\"elementor-widget-wrap elementor-element-populated\">\n\t\t\t\t\t\t<section class=\"elementor-section elementor-inner-section elementor-element elementor-element-7d1f7de elementor-section-boxed elementor-section-height-default elementor-section-height-default\" data-id=\"7d1f7de\" data-element_type=\"section\">\n\t\t\t\t\t\t<div class=\"elementor-container elementor-column-gap-default\">\n\t\t\t\t\t<div class=\"aux-parallax-section elementor-column elementor-col-100 elementor-inner-column elementor-element elementor-element-9beca5b\" data-id=\"9beca5b\" data-element_type=\"column\">\n\t\t\t<div class=\"elementor-widget-wrap elementor-element-populated\">\n\t\t\t\t\t\t<div class=\"elementor-element elementor-element-a69ca98 aux-appear-watch-animation aux-fade-in-down elementor-widget elementor-widget-aux_modern_heading\" data-id=\"a69ca98\" data-element_type=\"widget\" data-widget_type=\"aux_modern_heading.default\">\n\t\t\t\t<div class=\"elementor-widget-container\">\n\t\t\t\t\t<section class=\"aux-widget-modern-heading\">\n            <div class=\"aux-widget-inner\"><h1 class=\"aux-modern-heading-primary\">Nuestros Servicios<\/h1><\/div>\n        <\/section>\t\t\t\t<\/div>\n\t\t\t\t<\/div>\n\t\t\t\t\t<\/div>\n\t\t<\/div>\n\t\t\t\t\t<\/div>\n\t\t<\/section>\n\t\t\t\t\t<\/div>\n\t\t<\/div>\n\t\t\t\t\t<\/div>\n\t\t<\/section>\n\t\t\t\t<section class=\"elementor-section elementor-top-section elementor-element elementor-element-b384044 elementor-section-full_width elementor-section-height-full elementor-section-height-default elementor-section-items-middle\" data-id=\"b384044\" data-element_type=\"section\" data-settings=\"{&quot;background_background&quot;:&quot;classic&quot;}\">\n\t\t\t\t\t\t<div class=\"elementor-container elementor-column-gap-no\">\n\t\t\t\t\t<div class=\"aux-parallax-section elementor-column elementor-col-50 elementor-top-column elementor-element elementor-element-dcde2e7\" data-id=\"dcde2e7\" data-element_type=\"column\">\n\t\t\t<div class=\"elementor-widget-wrap elementor-element-populated\">\n\t\t\t\t\t\t<div class=\"elementor-element elementor-element-cff59cf elementor-widget elementor-widget-aux_simple_svg\" data-id=\"cff59cf\" data-element_type=\"widget\" data-widget_type=\"aux_simple_svg.default\">\n\t\t\t\t<div class=\"elementor-widget-container\">\n\t\t\t\t\t    <div class=\"aux-widget-container aux-simple-svg-container\">\n        <div class=\"aux-widget-container-inner\">\n            <div class=\"aux-the-svg\"><svg xmlns=\"http:\/\/www.w3.org\/2000\/svg\" width=\"330\" height=\"330\" viewBox=\"0 0 674 676\"><defs><linearGradient id=\"linear-gradient\" x1=\"-0.077\" y1=\"0.571\" x2=\"1.218\" y2=\"0.934\" gradientUnits=\"objectBoundingBox\"><stop offset=\"0\" stop-color=\"#a500ff\" \/><stop offset=\"0.498\" stop-color=\"#5372ff\" stop-opacity=\"0.349\" \/><stop offset=\"1\" stop-color=\"#00e5ff\" stop-opacity=\"0.31\" \/><\/linearGradient><\/defs><path id=\"Subtraction_16\" d=\"M338,674a341.47,341.47,0,0,1-68.119-6.847,336.967,336.967,0,0,1,0-660.307,342.286,342.286,0,0,1,136.237,0,336.967,336.967,0,0,1,0,660.307A341.469,341.469,0,0,1,338,674Zm0-460.273c-68.175,0-123.64,55.3-123.64,123.274S269.825,460.274,338,460.274,461.639,404.974,461.639,337,406.175,213.727,338,213.727Z\" transform=\"translate(0 676) rotate(-90)\" fill=\"url(#linear-gradient)\" \/><\/svg><\/div>\n        <\/div>\n    <\/div>\n    \t\t\t\t<\/div>\n\t\t\t\t<\/div>\n\t\t\t\t<div class=\"elementor-element elementor-element-905db2c aux-appear-watch-animation aux-fade-in-left-1 elementor-widget elementor-widget-aux_image\" data-id=\"905db2c\" data-element_type=\"widget\" data-widget_type=\"aux_image.default\">\n\t\t\t\t<div class=\"elementor-widget-container\">\n\t\t\t\t\t<section class=\"widget-container aux-widget-image aux-alignnone aux-parent-auc29eed99\">\n    <div class=\"aux-media-hint-frame \">\n        <div class=\"aux-media-image \" >\n        \n            \n\n            \n            <img fetchpriority=\"high\" decoding=\"async\" width=\"590\" height=\"590\" src=\"https:\/\/ponsiguex.com\/wp-content\/uploads\/2023\/10\/Diseno-sin-titulo-24.png\" class=\"aux-attachment aux-featured-image aux-attachment-id-6753\" alt=\"Dise\u00f1o sin t\u00edtulo (24)\" data-ratio=\"1\" data-original-w=\"590\" \/>            \n                <\/div>\n    <\/div>\n\n<\/section><!-- widget-container -->\t\t\t\t<\/div>\n\t\t\t\t<\/div>\n\t\t\t\t<div class=\"elementor-element elementor-element-48f42fa elementor-widget__width-auto elementor-hidden-phone elementor-widget elementor-widget-aux_simple_svg\" data-id=\"48f42fa\" data-element_type=\"widget\" data-widget_type=\"aux_simple_svg.default\">\n\t\t\t\t<div class=\"elementor-widget-container\">\n\t\t\t\t\t    <div class=\"aux-widget-container aux-simple-svg-container\">\n        <div class=\"aux-widget-container-inner\">\n            <div class=\"aux-the-svg\"><svg xmlns=\"http:\/\/www.w3.org\/2000\/svg\" width=\"100.001\" height=\"100\" viewBox=\"0 0 171.001 171\"><defs><filter id=\"Orange_cyrcle\" x=\"0\" y=\"0\" width=\"171.001\" height=\"171\"><feOffset dy=\"3\" \/><feGaussianBlur stdDeviation=\"11.5\" result=\"blur\" \/><feFlood flood-color=\"coral\" flood-opacity=\"0.4\" \/><feComposite operator=\"in\" in2=\"blur\" \/><feComposite in=\"SourceGraphic\" \/><\/filter><\/defs><g transform=\"matrix(1, 0, 0, 1, 0, 0)\" filter=\"url(#Orange_cyrcle)\"><path id=\"Orange_cyrcle-2\" d=\"M51,0A51.377,51.377,0,0,0,40.722,1.036,50.72,50.72,0,0,0,22.485,8.71,51.149,51.149,0,0,0,4.008,31.149a50.744,50.744,0,0,0-2.972,9.573,51.5,51.5,0,0,0,0,20.557A50.721,50.721,0,0,0,8.71,79.515,51.149,51.149,0,0,0,31.149,97.993a50.742,50.742,0,0,0,9.573,2.972,51.5,51.5,0,0,0,20.557,0,50.72,50.72,0,0,0,18.236-7.674A51.149,51.149,0,0,0,97.992,70.852a50.744,50.744,0,0,0,2.972-9.573,51.5,51.5,0,0,0,0-20.557A50.722,50.722,0,0,0,93.29,22.486,51.149,51.149,0,0,0,70.852,4.008a50.743,50.743,0,0,0-9.573-2.972A51.377,51.377,0,0,0,51,0Zm.076,69.615a18.69,18.69,0,1,1,18.69-18.69A18.711,18.711,0,0,1,51.076,69.615Z\" transform=\"translate(34.5 133.5) rotate(-90)\" fill=\"coral\" \/><\/g><\/svg><\/div>\n        <\/div>\n    <\/div>\n    \t\t\t\t<\/div>\n\t\t\t\t<\/div>\n\t\t\t\t<div class=\"elementor-element elementor-element-873beda elementor-widget__width-auto elementor-widget elementor-widget-aux_simple_svg\" data-id=\"873beda\" data-element_type=\"widget\" data-widget_type=\"aux_simple_svg.default\">\n\t\t\t\t<div class=\"elementor-widget-container\">\n\t\t\t\t\t    <div class=\"aux-widget-container aux-simple-svg-container\">\n        <div class=\"aux-widget-container-inner\">\n            <div class=\"aux-the-svg\"><svg xmlns=\"http:\/\/www.w3.org\/2000\/svg\" width=\"307.217\" height=\"200.249\" viewBox=\"0 0 387.217 250.249\"><defs><filter id=\"Path_66\" x=\"70.933\" y=\"161.466\" width=\"88.783\" height=\"88.783\"><feOffset dy=\"3\" \/><feGaussianBlur stdDeviation=\"11.5\" result=\"blur\" \/><feFlood flood-color=\"coral\" flood-opacity=\"0.4\" \/><feComposite operator=\"in\" in2=\"blur\" \/><feComposite in=\"SourceGraphic\" \/><\/filter><filter id=\"Subtraction_123\" x=\"131.5\" y=\"26.997\" width=\"131.001\" height=\"131\"><feOffset dy=\"3\" \/><feGaussianBlur stdDeviation=\"11.5\" result=\"blur-2\" \/><feFlood flood-color=\"coral\" flood-opacity=\"0.4\" \/><feComposite operator=\"in\" in2=\"blur-2\" \/><feComposite in=\"SourceGraphic\" \/><\/filter><\/defs><g id=\"single_services_elements\" transform=\"translate(0 -1448.503)\"><g transform=\"matrix(1, 0, 0, 1, 0, 1448.5)\" filter=\"url(#Path_66)\"><path id=\"Path_66-2\" d=\"M9.892,0A9.892,9.892,0,1,1,0,9.892,9.892,9.892,0,0,1,9.892,0Z\" transform=\"translate(105.43 192.97)\" fill=\"coral\" \/><\/g><g transform=\"matrix(1, 0, 0, 1, 0, 1448.5)\" filter=\"url(#Subtraction_123)\"><path id=\"Subtraction_123-2\" d=\"M31,0a31.229,31.229,0,0,0-6.248.63A30.83,30.83,0,0,0,13.668,5.294,31.091,31.091,0,0,0,2.436,18.934,30.844,30.844,0,0,0,.63,24.753a31.3,31.3,0,0,0,0,12.5A30.831,30.831,0,0,0,5.294,48.333,31.091,31.091,0,0,0,18.933,59.565a30.843,30.843,0,0,0,5.819,1.806,31.3,31.3,0,0,0,12.5,0,30.83,30.83,0,0,0,11.085-4.665A31.091,31.091,0,0,0,59.564,43.067a30.845,30.845,0,0,0,1.806-5.819,31.3,31.3,0,0,0,0-12.5,30.831,30.831,0,0,0-4.665-11.085A31.09,31.09,0,0,0,43.067,2.436,30.844,30.844,0,0,0,37.248.63,31.229,31.229,0,0,0,31,0Zm.046,42.315A11.361,11.361,0,1,1,42.407,30.955,11.373,11.373,0,0,1,31.046,42.315Z\" transform=\"translate(166 120.5) rotate(-90)\" fill=\"coral\" \/><\/g><path id=\"Path_136\" d=\"M55.151,0A55.151,55.151,0,1,1,0,55.151,55.151,55.151,0,0,1,55.151,0Z\" transform=\"matrix(0.259, 0.966, -0.966, 0.259, 358.669, 1537.727)\" fill=\"#fff\" opacity=\"0.33\" \/><path id=\"Path_41\" d=\"M17.874,0A17.874,17.874,0,1,1,0,17.874,17.874,17.874,0,0,1,17.874,0Z\" transform=\"matrix(0.259, 0.966, -0.966, 0.259, 34.53, 1448.503)\" fill=\"#fff\" opacity=\"0.33\" \/><\/g><\/svg><\/div>\n        <\/div>\n    <\/div>\n    \t\t\t\t<\/div>\n\t\t\t\t<\/div>\n\t\t\t\t\t<\/div>\n\t\t<\/div>\n\t\t\t\t<div class=\"aux-parallax-section elementor-column elementor-col-50 elementor-top-column elementor-element elementor-element-fd54a77\" data-id=\"fd54a77\" data-element_type=\"column\">\n\t\t\t<div class=\"elementor-widget-wrap elementor-element-populated\">\n\t\t\t\t\t\t<div class=\"elementor-element elementor-element-13f3fdc aux-appear-watch-animation aux-fade-in-right-1 elementor-widget elementor-widget-aux_modern_heading\" data-id=\"13f3fdc\" data-element_type=\"widget\" data-widget_type=\"aux_modern_heading.default\">\n\t\t\t\t<div class=\"elementor-widget-container\">\n\t\t\t\t\t<section class=\"aux-widget-modern-heading\">\n            <div class=\"aux-widget-inner\"><h2 class=\"aux-modern-heading-primary\">Nuestros Servicios<\/h2><h3 class=\"aux-modern-heading-secondary\"><span class=\"aux-head-highlight\">\u00bfQu\u00e9 podemos hacer por su negocio?<\/span><\/h3><div class=\"aux-modern-heading-description\"><p>Bienvenido a la secci\u00f3n de servicios de Ponsiguex LLC, donde te ofrecemos soluciones avanzadas en chatbots con inteligencia artificial para potenciar tu negocio y mejorar la interacci\u00f3n con tus clientes.<\/p><\/div><\/div>\n        <\/section>\t\t\t\t<\/div>\n\t\t\t\t<\/div>\n\t\t\t\t\t<\/div>\n\t\t<\/div>\n\t\t\t\t\t<\/div>\n\t\t<\/section>\n\t\t\t\t<section class=\"elementor-section elementor-top-section elementor-element elementor-element-f32f1e5 elementor-section-boxed elementor-section-height-default elementor-section-height-default\" data-id=\"f32f1e5\" data-element_type=\"section\">\n\t\t\t\t\t\t<div class=\"elementor-container elementor-column-gap-default\">\n\t\t\t\t\t<div class=\"aux-parallax-section elementor-column elementor-col-100 elementor-top-column elementor-element elementor-element-2eb5084\" data-id=\"2eb5084\" data-element_type=\"column\">\n\t\t\t<div class=\"elementor-widget-wrap elementor-element-populated\">\n\t\t\t\t\t\t<div class=\"elementor-element elementor-element-f657ceb aux-appear-watch-animation aux-fade-in-up-1 elementor-widget elementor-widget-aux_modern_heading\" data-id=\"f657ceb\" data-element_type=\"widget\" data-widget_type=\"aux_modern_heading.default\">\n\t\t\t\t<div class=\"elementor-widget-container\">\n\t\t\t\t\t<section class=\"aux-widget-modern-heading\">\n            <div class=\"aux-widget-inner\"><h2 class=\"aux-modern-heading-primary\">Servicios principales<\/h2><h3 class=\"aux-modern-heading-secondary\"><span class=\"aux-head-highlight\">A continuaci\u00f3n, un resumen de nuestros servicios especializados:<\/span><\/h3><\/div>\n        <\/section>\t\t\t\t<\/div>\n\t\t\t\t<\/div>\n\t\t\t\t<section class=\"elementor-section elementor-inner-section elementor-element elementor-element-ca1c0e8 elementor-section-boxed elementor-section-height-default elementor-section-height-default\" data-id=\"ca1c0e8\" data-element_type=\"section\">\n\t\t\t\t\t\t<div class=\"elementor-container elementor-column-gap-default\">\n\t\t\t\t\t<div class=\"aux-parallax-section elementor-column elementor-col-50 elementor-inner-column elementor-element elementor-element-f292ebf aux-appear-watch-animation aux-fade-in-left-1\" data-id=\"f292ebf\" data-element_type=\"column\">\n\t\t\t<div class=\"elementor-widget-wrap elementor-element-populated\">\n\t\t\t\t\t\t<div class=\"elementor-element elementor-element-ac78116 elementor-widget elementor-widget-aux_text\" data-id=\"ac78116\" data-element_type=\"widget\" data-widget_type=\"aux_text.default\">\n\t\t\t\t<div class=\"elementor-widget-container\">\n\t\t\t\t\t<section class=\"widget-container aux-widget-text aux-parent-auc9e60dc3\">        <div class=\"aux-widget-advanced-text aux-wrap-style-simple aux-ico-pos-top aux-text-center aux-text-resp- aux-text-color-dark aux-text-widget-bg-center  \" >\n        \n                            <div class=\"aux-text-widget-header \"  >\n                        <div class=\"aux-ico-box aux-ico-large aux-img-box aux-ico-shape-default aux-ico-clear \">\n                                                                <img decoding=\"async\" width=\"131\" height=\"132\" src=\"https:\/\/ponsiguex.com\/wp-content\/uploads\/2020\/02\/Group_4069.png\" class=\"aux-attachment aux-featured-image aux-attachment-id-6493\" alt=\"demo-attachment-202-Group_4069\" data-ratio=\"0.99\" data-original-w=\"131\" \/>                                                    <\/div>\n                <\/div>\n            \n            <div class=\"aux-text-inner aux-text-widget-content\">\n                                <h4 class=\"col-title\">Chatbots Personalizados<\/h4>\n                                <div class=\"widget-content\">\n                                        <p>Creamos chatbots \u00fanicos y personalizados para satisfacer las necesidades espec\u00edficas de tu negocio. Desde la conceptualizaci\u00f3n hasta la implementaci\u00f3n, nos enfocamos en dise\u00f1ar un chatbot que refleje la esencia de tu marca y mejore la comunicaci\u00f3n con tus clientes.<\/p>                <\/div>\n                            <\/div>\n        <\/div>\n                    <div class=\"aux-text-widget-footer\">\n                <div class=\"aux-border-shape-none \">\n                                <\/div>\n            <\/div>\n        \n<\/section><!-- widget-container -->\t\t\t\t<\/div>\n\t\t\t\t<\/div>\n\t\t\t\t<div class=\"elementor-element elementor-element-b16c994 elementor-widget elementor-widget-aux_text\" data-id=\"b16c994\" data-element_type=\"widget\" data-widget_type=\"aux_text.default\">\n\t\t\t\t<div class=\"elementor-widget-container\">\n\t\t\t\t\t<section class=\"widget-container aux-widget-text aux-parent-au7edc9189\">        <div class=\"aux-widget-advanced-text aux-wrap-style-simple aux-ico-pos-top aux-text-center aux-text-resp- aux-text-color-dark aux-text-widget-bg-center  \" >\n        \n                            <div class=\"aux-text-widget-header \"  >\n                        <div class=\"aux-ico-box aux-ico-large aux-img-box aux-ico-shape-default aux-ico-clear \">\n                                                                <img decoding=\"async\" width=\"143\" height=\"135\" src=\"https:\/\/ponsiguex.com\/wp-content\/uploads\/2020\/03\/Group_4071.png\" class=\"aux-attachment aux-featured-image aux-attachment-id-6439\" alt=\"demo-attachment-916-Group_4071\" data-ratio=\"1.06\" data-original-w=\"143\" \/>                                                    <\/div>\n                <\/div>\n            \n            <div class=\"aux-text-inner aux-text-widget-content\">\n                                <h4 class=\"col-title\">Integraci\u00f3n de Chatbots en Plataformas<\/h4>\n                                <div class=\"widget-content\">\n                                        <p>Nos encargamos de integrar los chatbots de manera perfecta en tus plataformas digitales existentes, como sitios web, aplicaciones m\u00f3viles, redes sociales, y sistemas de mensajer\u00eda, para garantizar una experiencia de usuario sin interrupciones.<\/p>                <\/div>\n                            <\/div>\n        <\/div>\n                    <div class=\"aux-text-widget-footer\">\n                <div class=\"aux-border-shape-none \">\n                                <\/div>\n            <\/div>\n        \n<\/section><!-- widget-container -->\t\t\t\t<\/div>\n\t\t\t\t<\/div>\n\t\t\t\t\t<\/div>\n\t\t<\/div>\n\t\t\t\t<div class=\"aux-parallax-section elementor-column elementor-col-50 elementor-inner-column elementor-element elementor-element-eac5de4 aux-appear-watch-animation aux-fade-in-right-1\" data-id=\"eac5de4\" data-element_type=\"column\">\n\t\t\t<div class=\"elementor-widget-wrap elementor-element-populated\">\n\t\t\t\t\t\t<div class=\"elementor-element elementor-element-c8583f1 elementor-widget elementor-widget-aux_text\" data-id=\"c8583f1\" data-element_type=\"widget\" data-widget_type=\"aux_text.default\">\n\t\t\t\t<div class=\"elementor-widget-container\">\n\t\t\t\t\t<section class=\"widget-container aux-widget-text aux-parent-audb14f555\">        <div class=\"aux-widget-advanced-text aux-wrap-style-simple aux-ico-pos-top aux-text-center aux-text-resp- aux-text-color-dark aux-text-widget-bg-center  \" >\n        \n                            <div class=\"aux-text-widget-header \"  >\n                        <div class=\"aux-ico-box aux-ico-large aux-img-box aux-ico-shape-default aux-ico-clear \">\n                                                                <img loading=\"lazy\" decoding=\"async\" width=\"127\" height=\"135\" src=\"https:\/\/ponsiguex.com\/wp-content\/uploads\/2020\/02\/Group_4067.png\" class=\"aux-attachment aux-featured-image aux-attachment-id-6495\" alt=\"demo-attachment-200-Group_4067\" data-ratio=\"0.94\" data-original-w=\"127\" \/>                                                    <\/div>\n                <\/div>\n            \n            <div class=\"aux-text-inner aux-text-widget-content\">\n                                <h4 class=\"col-title\">Chatbots para Servicio al Cliente<\/h4>\n                                <div class=\"widget-content\">\n                                        <p>Implementamos chatbots inteligentes que brindan un servicio de atenci\u00f3n al cliente eficiente las 24 horas del d\u00eda. Estos chatbots est\u00e1n capacitados para responder preguntas comunes, resolver problemas y guiar a los clientes a trav\u00e9s de procesos importantes.<\/p>                <\/div>\n                            <\/div>\n        <\/div>\n                    <div class=\"aux-text-widget-footer\">\n                <div class=\"aux-border-shape-none \">\n                                <\/div>\n            <\/div>\n        \n<\/section><!-- widget-container -->\t\t\t\t<\/div>\n\t\t\t\t<\/div>\n\t\t\t\t<div class=\"elementor-element elementor-element-8fa6292 elementor-widget elementor-widget-aux_text\" data-id=\"8fa6292\" data-element_type=\"widget\" data-widget_type=\"aux_text.default\">\n\t\t\t\t<div class=\"elementor-widget-container\">\n\t\t\t\t\t<section class=\"widget-container aux-widget-text aux-parent-au130b5715\">        <div class=\"aux-widget-advanced-text aux-wrap-style-simple aux-ico-pos-top aux-text-center aux-text-resp- aux-text-color-dark aux-text-widget-bg-center  \" >\n        \n                            <div class=\"aux-text-widget-header \"  >\n                        <div class=\"aux-ico-box aux-ico-large aux-img-box aux-ico-shape-default aux-ico-clear \">\n                                                                <img loading=\"lazy\" decoding=\"async\" width=\"122\" height=\"135\" src=\"https:\/\/ponsiguex.com\/wp-content\/uploads\/2020\/02\/Group_4068.png\" class=\"aux-attachment aux-featured-image aux-attachment-id-6494\" alt=\"demo-attachment-201-Group_4068\" data-ratio=\"0.9\" data-original-w=\"122\" \/>                                                    <\/div>\n                <\/div>\n            \n            <div class=\"aux-text-inner aux-text-widget-content\">\n                                <h4 class=\"col-title\">Chatbots para Ventas y Marketing<\/h4>\n                                <div class=\"widget-content\">\n                                        <p>Potencia tu estrategia de ventas y marketing con chatbots que pueden generar leads, calificar clientes potenciales y ofrecer recomendaciones de productos o servicios de manera personalizada. Mejora tus conversiones y maximiza el retorno de la inversi\u00f3n.<\/p>                <\/div>\n                            <\/div>\n        <\/div>\n                    <div class=\"aux-text-widget-footer\">\n                <div class=\"aux-border-shape-none \">\n                                <\/div>\n            <\/div>\n        \n<\/section><!-- widget-container -->\t\t\t\t<\/div>\n\t\t\t\t<\/div>\n\t\t\t\t\t<\/div>\n\t\t<\/div>\n\t\t\t\t\t<\/div>\n\t\t<\/section>\n\t\t\t\t\t<\/div>\n\t\t<\/div>\n\t\t\t\t\t<\/div>\n\t\t<\/section>\n\t\t\t\t<\/div>\n\t\t","protected":false},"excerpt":{"rendered":"<p>Nuestros Servicios Nuestros Servicios \u00bfQu\u00e9 podemos hacer por su negocio? Bienvenido a la secci\u00f3n de servicios de Ponsiguex LLC, donde te ofrecemos soluciones avanzadas en chatbots con inteligencia artificial para potenciar tu negocio y mejorar la interacci\u00f3n con tus clientes. Servicios principales A continuaci\u00f3n, un resumen de nuestros servicios especializados: Chatbots Personalizados Creamos chatbots \u00fanicos [&hellip;]<\/p>\n","protected":false},"author":1,"featured_media":0,"parent":0,"menu_order":0,"comment_status":"closed","ping_status":"closed","template":"templates\/page-builder-content.php","meta":{"footnotes":""},"class_list":["post-6546","page","type-page","status-publish","hentry"],"_links":{"self":[{"href":"https:\/\/ponsiguex.com\/index.php\/wp-json\/wp\/v2\/pages\/6546","targetHints":{"allow":["GET"]}}],"collection":[{"href":"https:\/\/ponsiguex.com\/index.php\/wp-json\/wp\/v2\/pages"}],"about":[{"href":"https:\/\/ponsiguex.com\/index.php\/wp-json\/wp\/v2\/types\/page"}],"author":[{"embeddable":true,"href":"https:\/\/ponsiguex.com\/index.php\/wp-json\/wp\/v2\/users\/1"}],"replies":[{"embeddable":true,"href":"https:\/\/ponsiguex.com\/index.php\/wp-json\/wp\/v2\/comments?post=6546"}],"version-history":[{"count":45,"href":"https:\/\/ponsiguex.com\/index.php\/wp-json\/wp\/v2\/pages\/6546\/revisions"}],"predecessor-version":[{"id":6759,"href":"https:\/\/ponsiguex.com\/index.php\/wp-json\/wp\/v2\/pages\/6546\/revisions\/6759"}],"wp:attachment":[{"href":"https:\/\/ponsiguex.com\/index.php\/wp-json\/wp\/v2\/media?parent=6546"}],"curies":[{"name":"wp","href":"https:\/\/api.w.org\/{rel}","templated":true}]}}